{"id":2079,"date":"2023-09-12T21:15:09","date_gmt":"2023-09-12T21:15:09","guid":{"rendered":"https:\/\/junt.dev.br\/extremaparamedicos\/?page_id=2079"},"modified":"2023-09-25T13:33:48","modified_gmt":"2023-09-25T13:33:48","slug":"otimizacao-seo","status":"publish","type":"page","link":"https:\/\/junt.dev.br\/extremaparamedicos\/otimizacao-seo\/","title":{"rendered":"Otimiza\u00e7\u00e3o SEO"},"content":{"rendered":"\t\t<div data-elementor-type=\"wp-page\" data-elementor-id=\"2079\" class=\"elementor elementor-2079\">\n\t\t\t\t\t\t<section class=\"elementor-section elementor-top-section elementor-element elementor-element-a7ba7be elementor-section-boxed elementor-section-height-default elementor-section-height-default\" data-id=\"a7ba7be\" data-element_type=\"section\" data-e-type=\"section\" id=\"nossas-solucoes\" data-settings=\"{&quot;background_background&quot;:&quot;classic&quot;}\">\n\t\t\t\t\t\t<div class=\"elementor-container elementor-column-gap-default\">\n\t\t\t\t\t<div class=\"elementor-column elementor-col-100 elementor-top-column elementor-element elementor-element-55de997\" data-id=\"55de997\" data-element_type=\"column\" data-e-type=\"column\">\n\t\t\t<div class=\"elementor-widget-wrap elementor-element-populated\">\n\t\t\t\t\t\t<div class=\"elementor-element elementor-element-e12b6c5 elementor-widget elementor-widget-heading\" data-id=\"e12b6c5\" data-element_type=\"widget\" data-e-type=\"widget\" data-widget_type=\"heading.default\">\n\t\t\t\t<div class=\"elementor-widget-container\">\n\t\t\t\t\t<h5 class=\"elementor-heading-title elementor-size-default\">NOSSAS SOLU\u00c7\u00d5ES<\/h5>\t\t\t\t<\/div>\n\t\t\t\t<\/div>\n\t\t\t\t<div class=\"elementor-element elementor-element-746346b elementor-widget elementor-widget-heading\" data-id=\"746346b\" data-element_type=\"widget\" data-e-type=\"widget\" data-widget_type=\"heading.default\">\n\t\t\t\t<div class=\"elementor-widget-container\">\n\t\t\t\t\t<h1 class=\"elementor-heading-title elementor-size-default\">OTIMIZA\u00c7\u00c3O SEO<\/h1>\t\t\t\t<\/div>\n\t\t\t\t<\/div>\n\t\t\t\t<div class=\"elementor-element elementor-element-4ae4427 elementor-widget-divider--view-line elementor-widget elementor-widget-divider\" data-id=\"4ae4427\" data-element_type=\"widget\" data-e-type=\"widget\" data-widget_type=\"divider.default\">\n\t\t\t\t<div class=\"elementor-widget-container\">\n\t\t\t\t\t\t\t<div class=\"elementor-divider\">\n\t\t\t<span class=\"elementor-divider-separator\">\n\t\t\t\t\t\t<\/span>\n\t\t<\/div>\n\t\t\t\t\t\t<\/div>\n\t\t\t\t<\/div>\n\t\t\t\t\t<\/div>\n\t\t<\/div>\n\t\t\t\t\t<\/div>\n\t\t<\/section>\n\t\t\t\t<section class=\"elementor-section elementor-top-section elementor-element elementor-element-1e3562b elementor-section-boxed elementor-section-height-default elementor-section-height-default\" data-id=\"1e3562b\" data-element_type=\"section\" data-e-type=\"section\" data-settings=\"{&quot;background_background&quot;:&quot;classic&quot;}\">\n\t\t\t\t\t\t<div class=\"elementor-container elementor-column-gap-default\">\n\t\t\t\t\t<div class=\"elementor-column elementor-col-100 elementor-top-column elementor-element elementor-element-b48e9de\" data-id=\"b48e9de\" data-element_type=\"column\" data-e-type=\"column\">\n\t\t\t<div class=\"elementor-widget-wrap elementor-element-populated\">\n\t\t\t\t\t\t<section class=\"elementor-section elementor-inner-section elementor-element elementor-element-c23d317 elementor-section-boxed elementor-section-height-default elementor-section-height-default\" data-id=\"c23d317\" data-element_type=\"section\" data-e-type=\"section\">\n\t\t\t\t\t\t<div class=\"elementor-container elementor-column-gap-default\">\n\t\t\t\t\t<div class=\"elementor-column elementor-col-33 elementor-inner-column elementor-element elementor-element-aeeb3c4 elementor-invisible\" data-id=\"aeeb3c4\" data-element_type=\"column\" data-e-type=\"column\" data-settings=\"{&quot;animation&quot;:&quot;fadeInUp&quot;}\">\n\t\t\t<div class=\"elementor-widget-wrap elementor-element-populated\">\n\t\t\t\t\t\t<div class=\"elementor-element elementor-element-40756c5 elementor-widget elementor-widget-image\" data-id=\"40756c5\" data-element_type=\"widget\" data-e-type=\"widget\" data-widget_type=\"image.default\">\n\t\t\t\t<div class=\"elementor-widget-container\">\n\t\t\t\t\t\t\t\t\t\t\t\t\t\t\t<img decoding=\"async\" width=\"133\" height=\"133\" src=\"https:\/\/junt.dev.br\/extremaparamedicos\/wp-content\/uploads\/2023\/06\/otimizacao_SEO.svg\" class=\"attachment-full size-full wp-image-1413\" alt=\"Otimiza\u00e7\u00e3o SEO - Junt\" srcset=\"https:\/\/junt.dev.br\/extremaparamedicos\/wp-content\/uploads\/otimizacao_SEO.svg 150w, https:\/\/junt.dev.br\/extremaparamedicos\/wp-content\/uploads\/otimizacao_SEO.svg 300w, https:\/\/junt.dev.br\/extremaparamedicos\/wp-content\/uploads\/otimizacao_SEO.svg 768w, https:\/\/junt.dev.br\/extremaparamedicos\/wp-content\/uploads\/otimizacao_SEO.svg 1024w, https:\/\/junt.dev.br\/extremaparamedicos\/wp-content\/uploads\/otimizacao_SEO.svg 133w\" sizes=\"(max-width: 133px) 100vw, 133px\" \/>\t\t\t\t\t\t\t\t\t\t\t\t\t\t\t<\/div>\n\t\t\t\t<\/div>\n\t\t\t\t\t<\/div>\n\t\t<\/div>\n\t\t\t\t<div class=\"elementor-column elementor-col-33 elementor-inner-column elementor-element elementor-element-031ec0e elementor-invisible\" data-id=\"031ec0e\" data-element_type=\"column\" data-e-type=\"column\" data-settings=\"{&quot;animation&quot;:&quot;fadeInRight&quot;}\">\n\t\t\t<div class=\"elementor-widget-wrap elementor-element-populated\">\n\t\t\t\t\t\t<div class=\"elementor-element elementor-element-6044dbd elementor-widget elementor-widget-text-editor\" data-id=\"6044dbd\" data-element_type=\"widget\" data-e-type=\"widget\" data-widget_type=\"text-editor.default\">\n\t\t\t\t<div class=\"elementor-widget-container\">\n\t\t\t\t\t\t\t\t\t<p><strong>A otimiza\u00e7\u00e3o de conte\u00fado SEO \u00e9 uma estrat\u00e9gia vital para maximizar a visibilidade e o desempenho online.<\/strong> Este servi\u00e7o \u00e9 essencial para empresas que buscam destaque em um ambiente altamente competitivo na internet.<\/p><p>A<strong> otimiza\u00e7\u00e3o de conte\u00fado SEO<\/strong> abarca diversos aspectos, desde a pesquisa minuciosa de palavras-chave pertinentes at\u00e9 o aprimoramento da estrutura do site, englobando a cria\u00e7\u00e3o de conte\u00fado de alta qualidade. Este servi\u00e7o n\u00e3o somente visa atrair um maior p\u00fablico, mas tamb\u00e9m manter a audi\u00eancia engajada e satisfeita, fatores que podem resultar em um posicionamento superior nos resultados de motores de busca, como o Google.<\/p><p>Ademais, a <strong>otimiza\u00e7\u00e3o de conte\u00fado SEO<\/strong> tamb\u00e9m se concentra na experi\u00eancia do usu\u00e1rio, assegurando que o site seja veloz, responsivo e de f\u00e1cil navega\u00e7\u00e3o. Isso n\u00e3o somente aprimora a satisfa\u00e7\u00e3o do usu\u00e1rio, mas tamb\u00e9m eleva as taxas de convers\u00e3o.<\/p><p>Em resumo, investir em otimiza\u00e7\u00e3o \u00e9 crucial para alcan\u00e7ar o sucesso online. Esta estrat\u00e9gia \u00e9 capaz de incrementar o tr\u00e1fego, a visibilidade e, consequentemente, os resultados financeiros de qualquer neg\u00f3cio ou projeto online.<\/p><p>Portanto, considerar a <strong>otimiza\u00e7\u00e3o de conte\u00fado SEO<\/strong> \u00e9 uma decis\u00e3o inteligente para quem deseja destacar-se na era digital.<\/p>\t\t\t\t\t\t\t\t<\/div>\n\t\t\t\t<\/div>\n\t\t\t\t\t<\/div>\n\t\t<\/div>\n\t\t\t\t<div class=\"elementor-column elementor-col-33 elementor-inner-column elementor-element elementor-element-172f782 elementor-invisible\" data-id=\"172f782\" data-element_type=\"column\" data-e-type=\"column\" data-settings=\"{&quot;animation&quot;:&quot;fadeInDown&quot;}\">\n\t\t\t<div class=\"elementor-widget-wrap elementor-element-populated\">\n\t\t\t\t\t\t<div class=\"elementor-element elementor-element-2dc8f0a elementor-widget elementor-widget-heading\" data-id=\"2dc8f0a\" data-element_type=\"widget\" data-e-type=\"widget\" data-widget_type=\"heading.default\">\n\t\t\t\t<div class=\"elementor-widget-container\">\n\t\t\t\t\t<h3 class=\"elementor-heading-title elementor-size-default\">SOLICITE UM OR\u00c7AMENTO<\/h3>\t\t\t\t<\/div>\n\t\t\t\t<\/div>\n\t\t\t\t<div class=\"elementor-element elementor-element-3bccc2f elementor-widget elementor-widget-text-editor\" data-id=\"3bccc2f\" data-element_type=\"widget\" data-e-type=\"widget\" data-widget_type=\"text-editor.default\">\n\t\t\t\t<div class=\"elementor-widget-container\">\n\t\t\t\t\t\t\t\t\t<p>[contact-form-7 id=&#8221;d185a8f&#8221; title=&#8221;Identidade Visual&#8221;]<\/p>\t\t\t\t\t\t\t\t<\/div>\n\t\t\t\t<\/div>\n\t\t\t\t\t<\/div>\n\t\t<\/div>\n\t\t\t\t\t<\/div>\n\t\t<\/section>\n\t\t\t\t\t<\/div>\n\t\t<\/div>\n\t\t\t\t\t<\/div>\n\t\t<\/section>\n\t\t\t\t<section class=\"elementor-section elementor-top-section elementor-element elementor-element-74d5cab elementor-section-boxed elementor-section-height-default elementor-section-height-default\" data-id=\"74d5cab\" data-element_type=\"section\" data-e-type=\"section\" data-settings=\"{&quot;background_background&quot;:&quot;classic&quot;}\">\n\t\t\t\t\t\t<div class=\"elementor-container elementor-column-gap-default\">\n\t\t\t\t\t<div class=\"elementor-column elementor-col-100 elementor-top-column elementor-element elementor-element-5fa1c61\" data-id=\"5fa1c61\" data-element_type=\"column\" data-e-type=\"column\">\n\t\t\t<div class=\"elementor-widget-wrap elementor-element-populated\">\n\t\t\t\t\t\t<div class=\"elementor-element elementor-element-722cb4b elementor-widget elementor-widget-heading\" data-id=\"722cb4b\" data-element_type=\"widget\" data-e-type=\"widget\" data-widget_type=\"heading.default\">\n\t\t\t\t<div class=\"elementor-widget-container\">\n\t\t\t\t\t<h5 class=\"elementor-heading-title elementor-size-default\">OUTRAS SOLU\u00c7\u00d5ES<\/h5>\t\t\t\t<\/div>\n\t\t\t\t<\/div>\n\t\t\t\t<div class=\"elementor-element elementor-element-2f5c438 elementor-widget-divider--view-line elementor-widget elementor-widget-divider\" data-id=\"2f5c438\" data-element_type=\"widget\" data-e-type=\"widget\" data-widget_type=\"divider.default\">\n\t\t\t\t<div class=\"elementor-widget-container\">\n\t\t\t\t\t\t\t<div class=\"elementor-divider\">\n\t\t\t<span class=\"elementor-divider-separator\">\n\t\t\t\t\t\t<\/span>\n\t\t<\/div>\n\t\t\t\t\t\t<\/div>\n\t\t\t\t<\/div>\n\t\t\t\t<section class=\"elementor-section elementor-inner-section elementor-element elementor-element-8a71e87 elementor-section-boxed elementor-section-height-default elementor-section-height-default\" data-id=\"8a71e87\" data-element_type=\"section\" data-e-type=\"section\">\n\t\t\t\t\t\t<div class=\"elementor-container elementor-column-gap-default\">\n\t\t\t\t\t<div class=\"elementor-column elementor-col-33 elementor-inner-column elementor-element elementor-element-330be72 elementor-invisible\" data-id=\"330be72\" data-element_type=\"column\" data-e-type=\"column\" data-settings=\"{&quot;animation&quot;:&quot;fadeInRight&quot;}\">\n\t\t\t<div class=\"elementor-widget-wrap elementor-element-populated\">\n\t\t\t\t\t\t<div class=\"elementor-element elementor-element-6cac77a elementor-widget elementor-widget-image\" data-id=\"6cac77a\" data-element_type=\"widget\" data-e-type=\"widget\" data-widget_type=\"image.default\">\n\t\t\t\t<div class=\"elementor-widget-container\">\n\t\t\t\t\t\t\t\t\t\t\t\t\t\t\t\t<a href=\"https:\/\/junt.dev.br\/extremaparamedicos\/identidade-visual\/\">\n\t\t\t\t\t\t\t<img decoding=\"async\" src=\"https:\/\/junt.dev.br\/extremaparamedicos\/wp-content\/uploads\/2023\/06\/identidade_visual.svg\" title=\"Identidade Visual &#8211; Junt\" alt=\"Identidade Visual - Junt\" loading=\"lazy\" \/>\t\t\t\t\t\t\t\t<\/a>\n\t\t\t\t\t\t\t\t\t\t\t\t\t\t\t<\/div>\n\t\t\t\t<\/div>\n\t\t\t\t<div class=\"elementor-element elementor-element-746c185 elementor-widget elementor-widget-heading\" data-id=\"746c185\" data-element_type=\"widget\" data-e-type=\"widget\" data-widget_type=\"heading.default\">\n\t\t\t\t<div class=\"elementor-widget-container\">\n\t\t\t\t\t<h3 class=\"elementor-heading-title elementor-size-default\">IDENTIDADE VISUAL<\/h3>\t\t\t\t<\/div>\n\t\t\t\t<\/div>\n\t\t\t\t<div class=\"elementor-element elementor-element-d361c39 elementor-widget elementor-widget-text-editor\" data-id=\"d361c39\" data-element_type=\"widget\" data-e-type=\"widget\" data-widget_type=\"text-editor.default\">\n\t\t\t\t<div class=\"elementor-widget-container\">\n\t\t\t\t\t\t\t\t\tA identidade visual \u00e9 um reflexo da sua empresa. Por isso \u00e9 importante garantir que ela seja representada com precis\u00e3o e positividade. Ela deve expressar todo o conceito da sua marca.\t\t\t\t\t\t\t\t<\/div>\n\t\t\t\t<\/div>\n\t\t\t\t<div class=\"elementor-element elementor-element-797debb elementor-mobile-align-center elementor-widget elementor-widget-button\" data-id=\"797debb\" data-element_type=\"widget\" data-e-type=\"widget\" data-widget_type=\"button.default\">\n\t\t\t\t<div class=\"elementor-widget-container\">\n\t\t\t\t\t\t\t\t\t<div class=\"elementor-button-wrapper\">\n\t\t\t\t\t<a class=\"elementor-button elementor-button-link elementor-size-sm\" href=\"https:\/\/junt.dev.br\/extremaparamedicos\/identidade-visual\/\">\n\t\t\t\t\t\t<span class=\"elementor-button-content-wrapper\">\n\t\t\t\t\t\t\t\t\t<span class=\"elementor-button-text\">SAIBA MAIS<\/span>\n\t\t\t\t\t<\/span>\n\t\t\t\t\t<\/a>\n\t\t\t\t<\/div>\n\t\t\t\t\t\t\t\t<\/div>\n\t\t\t\t<\/div>\n\t\t\t\t\t<\/div>\n\t\t<\/div>\n\t\t\t\t<div class=\"elementor-column elementor-col-33 elementor-inner-column elementor-element elementor-element-18424d6 elementor-invisible\" data-id=\"18424d6\" data-element_type=\"column\" data-e-type=\"column\" data-settings=\"{&quot;animation&quot;:&quot;fadeInRight&quot;}\">\n\t\t\t<div class=\"elementor-widget-wrap elementor-element-populated\">\n\t\t\t\t\t\t<div class=\"elementor-element elementor-element-6ffe1c1 elementor-widget elementor-widget-image\" data-id=\"6ffe1c1\" data-element_type=\"widget\" data-e-type=\"widget\" data-widget_type=\"image.default\">\n\t\t\t\t<div class=\"elementor-widget-container\">\n\t\t\t\t\t\t\t\t\t\t\t\t\t\t\t\t<a href=\"https:\/\/junt.dev.br\/extremaparamedicos\/desenvolvimento-web\">\n\t\t\t\t\t\t\t<img decoding=\"async\" src=\"https:\/\/junt.dev.br\/extremaparamedicos\/wp-content\/uploads\/2023\/09\/Desenvolvimento-Web-Junt.svg\" title=\"Desenvolvimento Web &#8211; Junt\" alt=\"Desenvolvimento Web - Junt\" loading=\"lazy\" \/>\t\t\t\t\t\t\t\t<\/a>\n\t\t\t\t\t\t\t\t\t\t\t\t\t\t\t<\/div>\n\t\t\t\t<\/div>\n\t\t\t\t<div class=\"elementor-element elementor-element-77163c0 elementor-widget elementor-widget-heading\" data-id=\"77163c0\" data-element_type=\"widget\" data-e-type=\"widget\" data-widget_type=\"heading.default\">\n\t\t\t\t<div class=\"elementor-widget-container\">\n\t\t\t\t\t<h3 class=\"elementor-heading-title elementor-size-default\">DESENVOLVIMENTO WEB<\/h3>\t\t\t\t<\/div>\n\t\t\t\t<\/div>\n\t\t\t\t<div class=\"elementor-element elementor-element-322c6a5 elementor-widget elementor-widget-text-editor\" data-id=\"322c6a5\" data-element_type=\"widget\" data-e-type=\"widget\" data-widget_type=\"text-editor.default\">\n\t\t\t\t<div class=\"elementor-widget-container\">\n\t\t\t\t\t\t\t\t\tNormalmente tudo come\u00e7a com o seu site. Ele \u00e9 o principal ponto de contato da sua empresa na web. Combinamos planejamento SEO, design, UX e tecnologia para melhores resultados.\t\t\t\t\t\t\t\t<\/div>\n\t\t\t\t<\/div>\n\t\t\t\t<div class=\"elementor-element elementor-element-61e9984 elementor-mobile-align-center elementor-widget elementor-widget-button\" data-id=\"61e9984\" data-element_type=\"widget\" data-e-type=\"widget\" data-widget_type=\"button.default\">\n\t\t\t\t<div class=\"elementor-widget-container\">\n\t\t\t\t\t\t\t\t\t<div class=\"elementor-button-wrapper\">\n\t\t\t\t\t<a class=\"elementor-button elementor-button-link elementor-size-sm\" href=\"https:\/\/junt.dev.br\/extremaparamedicos\/desenvolvimento-web\">\n\t\t\t\t\t\t<span class=\"elementor-button-content-wrapper\">\n\t\t\t\t\t\t\t\t\t<span class=\"elementor-button-text\">SAIBA MAIS<\/span>\n\t\t\t\t\t<\/span>\n\t\t\t\t\t<\/a>\n\t\t\t\t<\/div>\n\t\t\t\t\t\t\t\t<\/div>\n\t\t\t\t<\/div>\n\t\t\t\t\t<\/div>\n\t\t<\/div>\n\t\t\t\t<div class=\"elementor-column elementor-col-33 elementor-inner-column elementor-element elementor-element-a538fbe elementor-invisible\" data-id=\"a538fbe\" data-element_type=\"column\" data-e-type=\"column\" data-settings=\"{&quot;animation&quot;:&quot;fadeInRight&quot;}\">\n\t\t\t<div class=\"elementor-widget-wrap elementor-element-populated\">\n\t\t\t\t\t\t<div class=\"elementor-element elementor-element-7969ab7 elementor-widget elementor-widget-image\" data-id=\"7969ab7\" data-element_type=\"widget\" data-e-type=\"widget\" data-widget_type=\"image.default\">\n\t\t\t\t<div class=\"elementor-widget-container\">\n\t\t\t\t\t\t\t\t\t\t\t\t\t\t\t\t<a href=\"https:\/\/junt.dev.br\/extremaparamedicos\/midia-impressa\/\">\n\t\t\t\t\t\t\t<img decoding=\"async\" src=\"https:\/\/junt.dev.br\/extremaparamedicos\/wp-content\/uploads\/2023\/06\/midia_impressa.svg\" title=\"M\u00eddia Impressa &#8211; Junt\" alt=\"M\u00eddia Impressa - Junt\" loading=\"lazy\" \/>\t\t\t\t\t\t\t\t<\/a>\n\t\t\t\t\t\t\t\t\t\t\t\t\t\t\t<\/div>\n\t\t\t\t<\/div>\n\t\t\t\t<div class=\"elementor-element elementor-element-78d4a94 elementor-widget elementor-widget-heading\" data-id=\"78d4a94\" data-element_type=\"widget\" data-e-type=\"widget\" data-widget_type=\"heading.default\">\n\t\t\t\t<div class=\"elementor-widget-container\">\n\t\t\t\t\t<h3 class=\"elementor-heading-title elementor-size-default\">M\u00cdDIA IMPRESSA<\/h3>\t\t\t\t<\/div>\n\t\t\t\t<\/div>\n\t\t\t\t<div class=\"elementor-element elementor-element-0e5c161 elementor-widget elementor-widget-text-editor\" data-id=\"0e5c161\" data-element_type=\"widget\" data-e-type=\"widget\" data-widget_type=\"text-editor.default\">\n\t\t\t\t<div class=\"elementor-widget-container\">\n\t\t\t\t\t\t\t\t\tA m\u00eddia impressa \u00e9 um dos meios de comunica\u00e7\u00e3o mais tradicionais do mercado. Ela ainda se renova e mant\u00e9m sua import\u00e2ncia e seu potencial de relev\u00e2ncia na comunica\u00e7\u00e3o atual do mercado.\t\t\t\t\t\t\t\t<\/div>\n\t\t\t\t<\/div>\n\t\t\t\t<div class=\"elementor-element elementor-element-be5f419 elementor-mobile-align-center elementor-widget elementor-widget-button\" data-id=\"be5f419\" data-element_type=\"widget\" data-e-type=\"widget\" data-widget_type=\"button.default\">\n\t\t\t\t<div class=\"elementor-widget-container\">\n\t\t\t\t\t\t\t\t\t<div class=\"elementor-button-wrapper\">\n\t\t\t\t\t<a class=\"elementor-button elementor-button-link elementor-size-sm\" href=\"https:\/\/junt.dev.br\/extremaparamedicos\/midia-impressa\/\">\n\t\t\t\t\t\t<span class=\"elementor-button-content-wrapper\">\n\t\t\t\t\t\t\t\t\t<span class=\"elementor-button-text\">SAIBA MAIS<\/span>\n\t\t\t\t\t<\/span>\n\t\t\t\t\t<\/a>\n\t\t\t\t<\/div>\n\t\t\t\t\t\t\t\t<\/div>\n\t\t\t\t<\/div>\n\t\t\t\t\t<\/div>\n\t\t<\/div>\n\t\t\t\t\t<\/div>\n\t\t<\/section>\n\t\t\t\t\t<\/div>\n\t\t<\/div>\n\t\t\t\t\t<\/div>\n\t\t<\/section>\n\t\t\t\t<\/div>\n\t\t","protected":false},"excerpt":{"rendered":"<p>NOSSAS SOLU\u00c7\u00d5ES OTIMIZA\u00c7\u00c3O SEO A otimiza\u00e7\u00e3o de conte\u00fado SEO \u00e9 uma estrat\u00e9gia vital para maximizar a visibilidade e o desempenho online. Este servi\u00e7o \u00e9 essencial para empresas que buscam destaque em um ambiente altamente competitivo na internet. A otimiza\u00e7\u00e3o de conte\u00fado SEO abarca diversos aspectos, desde a pesquisa minuciosa de palavras-chave pertinentes at\u00e9 o aprimoramento [&hellip;]<\/p>\n","protected":false},"author":5,"featured_media":1413,"parent":0,"menu_order":0,"comment_status":"closed","ping_status":"closed","template":"","meta":{"site-sidebar-layout":"no-sidebar","site-content-layout":"page-builder","ast-site-content-layout":"full-width-container","site-content-style":"unboxed","site-sidebar-style":"unboxed","ast-global-header-display":"","ast-banner-title-visibility":"","ast-main-header-display":"","ast-hfb-above-header-display":"","ast-hfb-below-header-display":"","ast-hfb-mobile-header-display":"","site-post-title":"disabled","ast-breadcrumbs-content":"","ast-featured-img":"disabled","footer-sml-layout":"","theme-transparent-header-meta":"","adv-header-id-meta":"","stick-header-meta":"","header-above-stick-meta":"","header-main-stick-meta":"","header-below-stick-meta":"","astra-migrate-meta-layouts":"set","ast-page-background-enabled":"default","ast-page-background-meta":{"desktop":{"background-color":"var(--ast-global-color-4)","background-image":"","background-repeat":"repeat","background-position":"center center","background-size":"auto","background-attachment":"scroll","background-type":"","background-media":"","overlay-type":"","overlay-color":"","overlay-opacity":"","overlay-gradient":""},"tablet":{"background-color":"","background-image":"","background-repeat":"repeat","background-position":"center center","background-size":"auto","background-attachment":"scroll","background-type":"","background-media":"","overlay-type":"","overlay-color":"","overlay-opacity":"","overlay-gradient":""},"mobile":{"background-color":"","background-image":"","background-repeat":"repeat","background-position":"center center","background-size":"auto","background-attachment":"scroll","background-type":"","background-media":"","overlay-type":"","overlay-color":"","overlay-opacity":"","overlay-gradient":""}},"ast-content-background-meta":{"desktop":{"background-color":"var(--ast-global-color-5)","background-image":"","background-repeat":"repeat","background-position":"center center","background-size":"auto","background-attachment":"scroll","background-type":"","background-media":"","overlay-type":"","overlay-color":"","overlay-opacity":"","overlay-gradient":""},"tablet":{"background-color":"var(--ast-global-color-5)","background-image":"","background-repeat":"repeat","background-position":"center center","background-size":"auto","background-attachment":"scroll","background-type":"","background-media":"","overlay-type":"","overlay-color":"","overlay-opacity":"","overlay-gradient":""},"mobile":{"background-color":"var(--ast-global-color-5)","background-image":"","background-repeat":"repeat","background-position":"center center","background-size":"auto","background-attachment":"scroll","background-type":"","background-media":"","overlay-type":"","overlay-color":"","overlay-opacity":"","overlay-gradient":""}},"footnotes":""},"class_list":["post-2079","page","type-page","status-publish","has-post-thumbnail","hentry"],"_links":{"self":[{"href":"https:\/\/junt.dev.br\/extremaparamedicos\/wp-json\/wp\/v2\/pages\/2079","targetHints":{"allow":["GET"]}}],"collection":[{"href":"https:\/\/junt.dev.br\/extremaparamedicos\/wp-json\/wp\/v2\/pages"}],"about":[{"href":"https:\/\/junt.dev.br\/extremaparamedicos\/wp-json\/wp\/v2\/types\/page"}],"author":[{"embeddable":true,"href":"https:\/\/junt.dev.br\/extremaparamedicos\/wp-json\/wp\/v2\/users\/5"}],"replies":[{"embeddable":true,"href":"https:\/\/junt.dev.br\/extremaparamedicos\/wp-json\/wp\/v2\/comments?post=2079"}],"version-history":[{"count":33,"href":"https:\/\/junt.dev.br\/extremaparamedicos\/wp-json\/wp\/v2\/pages\/2079\/revisions"}],"predecessor-version":[{"id":2369,"href":"https:\/\/junt.dev.br\/extremaparamedicos\/wp-json\/wp\/v2\/pages\/2079\/revisions\/2369"}],"wp:featuredmedia":[{"embeddable":true,"href":"https:\/\/junt.dev.br\/extremaparamedicos\/wp-json\/wp\/v2\/media\/1413"}],"wp:attachment":[{"href":"https:\/\/junt.dev.br\/extremaparamedicos\/wp-json\/wp\/v2\/media?parent=2079"}],"curies":[{"name":"wp","href":"https:\/\/api.w.org\/{rel}","templated":true}]}}