{"id":4521,"date":"2024-12-10T12:21:07","date_gmt":"2024-12-10T12:21:07","guid":{"rendered":"https:\/\/junt.dev.br\/extremavisibilidade\/servicos\/criacao-e-desenvolvimento\/criacao-de-blog-copy\/"},"modified":"2024-12-10T12:29:11","modified_gmt":"2024-12-10T12:29:11","slug":"orcamento","status":"publish","type":"page","link":"https:\/\/junt.dev.br\/extremavisibilidade\/orcamento\/","title":{"rendered":"Or\u00e7amento"},"content":{"rendered":"\t\t<div data-elementor-type=\"wp-page\" data-elementor-id=\"4521\" class=\"elementor elementor-4521\">\n\t\t\t\t\t\t<section class=\"elementor-section elementor-top-section elementor-element elementor-element-34c9c7e elementor-section-boxed elementor-section-height-default elementor-section-height-default\" data-id=\"34c9c7e\" data-element_type=\"section\" data-e-type=\"section\" data-settings=\"{&quot;background_background&quot;:&quot;gradient&quot;}\">\n\t\t\t\t\t\t\t<div class=\"elementor-background-overlay\"><\/div>\n\t\t\t\t\t\t\t<div class=\"elementor-container elementor-column-gap-default\">\n\t\t\t\t\t<div class=\"elementor-column elementor-col-100 elementor-top-column elementor-element elementor-element-bff0e2e\" data-id=\"bff0e2e\" data-element_type=\"column\" data-e-type=\"column\">\n\t\t\t<div class=\"elementor-widget-wrap elementor-element-populated\">\n\t\t\t\t\t\t<div class=\"elementor-element elementor-element-008f231 elementor-widget elementor-widget-heading\" data-id=\"008f231\" data-element_type=\"widget\" data-e-type=\"widget\" data-widget_type=\"heading.default\">\n\t\t\t\t<div class=\"elementor-widget-container\">\n\t\t\t\t\t<h1 class=\"elementor-heading-title elementor-size-default\">Solicite um Or\u00e7amento<\/h1>\t\t\t\t<\/div>\n\t\t\t\t<\/div>\n\t\t\t\t<div class=\"elementor-element elementor-element-016de24 elementor-widget elementor-widget-text-editor\" data-id=\"016de24\" data-element_type=\"widget\" data-e-type=\"widget\" data-widget_type=\"text-editor.default\">\n\t\t\t\t<div class=\"elementor-widget-container\">\n\t\t\t\t\t\t\t\t\tPara darmos in\u00edcio ao processo, \u00e9 importante conhecer mais detalhes sobre o seu projeto.<br\/>\nIsso nos permitir\u00e1 analisar sua viabilidade e estimar os custos envolvidos.\t\t\t\t\t\t\t\t<\/div>\n\t\t\t\t<\/div>\n\t\t\t\t<div class=\"elementor-element elementor-element-e543b47 elementor-widget elementor-widget-text-editor\" data-id=\"e543b47\" data-element_type=\"widget\" data-e-type=\"widget\" data-widget_type=\"text-editor.default\">\n\t\t\t\t<div class=\"elementor-widget-container\">\n\t\t\t\t\t\t\t\t\t\n<div class=\"wpcf7 no-js\" id=\"wpcf7-f2196-o1\" lang=\"pt-PT\" dir=\"ltr\" data-wpcf7-id=\"2196\">\n<div class=\"screen-reader-response\"><p role=\"status\" aria-live=\"polite\" aria-atomic=\"true\"><\/p> <ul><\/ul><\/div>\n<form action=\"\/extremavisibilidade\/wp-json\/wp\/v2\/pages\/4521#wpcf7-f2196-o1\" method=\"post\" class=\"wpcf7-form init\" aria-label=\"Formul\u00e1rio de contacto\" novalidate=\"novalidate\" data-status=\"init\">\n<fieldset class=\"hidden-fields-container\"><input type=\"hidden\" name=\"_wpcf7\" value=\"2196\" \/><input type=\"hidden\" name=\"_wpcf7_version\" value=\"6.1.5\" \/><input type=\"hidden\" name=\"_wpcf7_locale\" value=\"pt_PT\" \/><input type=\"hidden\" name=\"_wpcf7_unit_tag\" value=\"wpcf7-f2196-o1\" \/><input type=\"hidden\" name=\"_wpcf7_container_post\" value=\"0\" \/><input type=\"hidden\" name=\"_wpcf7_posted_data_hash\" value=\"\" \/>\n<\/fieldset>\n<div class=\"clearfix\">\n\t<div id=\"left\">\n\t\t<p><span class=\"wpcf7-form-control-wrap\" data-name=\"nome\"><input size=\"40\" maxlength=\"400\" class=\"wpcf7-form-control wpcf7-text wpcf7-validates-as-required\" aria-required=\"true\" aria-invalid=\"false\" placeholder=\"Nome*\" value=\"\" type=\"text\" name=\"nome\" \/><\/span>\n\t\t<\/p>\n\t\t<p><span class=\"wpcf7-form-control-wrap\" data-name=\"telefone\"><input size=\"40\" maxlength=\"400\" class=\"wpcf7-form-control wpcf7-tel wpcf7-validates-as-required wpcf7-text wpcf7-validates-as-tel\" aria-required=\"true\" aria-invalid=\"false\" placeholder=\"Telefone*\" value=\"\" type=\"tel\" name=\"telefone\" \/><\/span>\n\t\t<\/p>\n\t\t<p><span class=\"wpcf7-form-control-wrap\" data-name=\"cargo\"><input size=\"40\" maxlength=\"400\" class=\"wpcf7-form-control wpcf7-text wpcf7-validates-as-required\" aria-required=\"true\" aria-invalid=\"false\" placeholder=\"Cargo*\" value=\"\" type=\"text\" name=\"cargo\" \/><\/span>\n\t\t<\/p>\n\t\t<p><span style=\"color:#fff\">Qual a sua prioridade para solucionar o problema do or\u00e7amento?*<\/span><span class=\"wpcf7-form-control-wrap\" data-name=\"investimento\"><select class=\"wpcf7-form-control wpcf7-select wpcf7-validates-as-required\" aria-required=\"true\" aria-invalid=\"false\" name=\"investimento\"><option value=\"Urgente. Preciso resolver o quanto antes\">Urgente. Preciso resolver o quanto antes<\/option><option value=\"Algo para ser implementado no curto prazo (30 ou 60 dias)\">Algo para ser implementado no curto prazo (30 ou 60 dias)<\/option><option value=\"Gostaria de implementar em aproximadamente 90 dias\">Gostaria de implementar em aproximadamente 90 dias<\/option><option value=\"\u00c9 apenas uma pesquisa de pre\u00e7o para ter ideia de valores\">\u00c9 apenas uma pesquisa de pre\u00e7o para ter ideia de valores<\/option><\/select><\/span>\n\t\t<\/p>\n\t\t<p><label><span style=\"color:#fff\"> Gostaria de receber emails com estrat\u00e9gias e conte\u00fados de marketing e vendas?*<\/span><br \/>\n<\/label>\n\t\t<\/p>\n\t\t<p><span class=\"wpcf7-form-control-wrap\" data-name=\"Consentimento_de_Comunicacao\"><select class=\"wpcf7-form-control wpcf7-select wpcf7-validates-as-required\" aria-required=\"true\" aria-invalid=\"false\" name=\"Consentimento_de_Comunicacao\"><option value=\"SIM\">SIM<\/option><option value=\"N\u00c3O\">N\u00c3O<\/option><\/select><\/span>\n\t\t<\/p>\n\t\t<p><input class=\"wpcf7-form-control wpcf7-submit has-spinner\" type=\"submit\" value=\"SOLICITAR OR\u00c7AMENTO\" \/>\n\t\t<\/p>\n\t<\/div>\n\t<div id=\"right\">\n\t\t<p><span class=\"wpcf7-form-control-wrap\" data-name=\"email\"><input size=\"40\" maxlength=\"400\" class=\"wpcf7-form-control wpcf7-text wpcf7-validates-as-required\" aria-required=\"true\" aria-invalid=\"false\" placeholder=\"E-mail*\" value=\"\" type=\"text\" name=\"email\" \/><\/span>\n\t\t<\/p>\n\t\t<p><span class=\"wpcf7-form-control-wrap\" data-name=\"empresa\"><input size=\"40\" maxlength=\"400\" class=\"wpcf7-form-control wpcf7-text wpcf7-validates-as-required\" aria-required=\"true\" aria-invalid=\"false\" placeholder=\"Empresa*\" value=\"\" type=\"text\" name=\"empresa\" \/><\/span>\n\t\t<\/p>\n\t\t<p><span class=\"wpcf7-form-control-wrap\" data-name=\"site\"><input size=\"40\" maxlength=\"400\" class=\"wpcf7-form-control wpcf7-text wpcf7-validates-as-required\" aria-required=\"true\" aria-invalid=\"false\" placeholder=\"Seu site*\" value=\"\" type=\"text\" name=\"site\" \/><\/span><br \/>\n<span style=\"color:#fff\">Investimento mensal em marketing (Atual ou estimado)*<\/span><span class=\"wpcf7-form-control-wrap\" data-name=\"prioridade\"><select class=\"wpcf7-form-control wpcf7-select wpcf7-validates-as-required\" aria-required=\"true\" aria-invalid=\"false\" name=\"prioridade\"><option value=\"At\u00e9 R$3.000\">At\u00e9 R$3.000<\/option><option value=\"Entre R$3.000 e R$5.000\">Entre R$3.000 e R$5.000<\/option><option value=\"Entre R$5.000 e R$10.000\">Entre R$5.000 e R$10.000<\/option><option value=\"Acima de R$10.000\">Acima de R$10.000<\/option><\/select><\/span>\n\t\t<\/p>\n\t<\/div>\n<\/div>\n<p><script>\n document.addEventListener('wpcf7mailsent', function (Event) {\n location = 'https:\/\/junt.dev.br\/extremavisibilidade\/obrigado\/';\n }, false);\n<\/script>\n<\/p><div class=\"wpcf7-response-output\" aria-hidden=\"true\"><\/div>\n<\/form>\n<\/div>\n\t\t\t\t\t\t\t\t<\/div>\n\t\t\t\t<\/div>\n\t\t\t\t\t<\/div>\n\t\t<\/div>\n\t\t\t\t\t<\/div>\n\t\t<\/section>\n\t\t\t\t<\/div>\n\t\t","protected":false},"excerpt":{"rendered":"<p>Solicite um Or\u00e7amento Para darmos in\u00edcio ao processo, \u00e9 importante conhecer mais detalhes sobre o seu projeto. Isso nos permitir\u00e1 analisar sua viabilidade e estimar os custos envolvidos.<\/p>\n","protected":false},"author":5,"featured_media":3890,"parent":0,"menu_order":0,"comment_status":"closed","ping_status":"closed","template":"elementor_header_footer","meta":{"site-sidebar-layout":"no-sidebar","site-content-layout":"page-builder","ast-site-content-layout":"full-width-container","site-content-style":"unboxed","site-sidebar-style":"unboxed","ast-global-header-display":"","ast-banner-title-visibility":"","ast-main-header-display":"","ast-hfb-above-header-display":"","ast-hfb-below-header-display":"","ast-hfb-mobile-header-display":"","site-post-title":"disabled","ast-breadcrumbs-content":"","ast-featured-img":"disabled","footer-sml-layout":"","theme-transparent-header-meta":"","adv-header-id-meta":"","stick-header-meta":"","header-above-stick-meta":"","header-main-stick-meta":"","header-below-stick-meta":"","astra-migrate-meta-layouts":"set","ast-page-background-enabled":"default","ast-page-background-meta":{"desktop":{"background-color":"var(--ast-global-color-4)","background-image":"","background-repeat":"repeat","background-position":"center center","background-size":"auto","background-attachment":"scroll","background-type":"","background-media":"","overlay-type":"","overlay-color":"","overlay-opacity":"","overlay-gradient":""},"tablet":{"background-color":"","background-image":"","background-repeat":"repeat","background-position":"center center","background-size":"auto","background-attachment":"scroll","background-type":"","background-media":"","overlay-type":"","overlay-color":"","overlay-opacity":"","overlay-gradient":""},"mobile":{"background-color":"","background-image":"","background-repeat":"repeat","background-position":"center center","background-size":"auto","background-attachment":"scroll","background-type":"","background-media":"","overlay-type":"","overlay-color":"","overlay-opacity":"","overlay-gradient":""}},"ast-content-background-meta":{"desktop":{"background-color":"var(--ast-global-color-5)","background-image":"","background-repeat":"repeat","background-position":"center center","background-size":"auto","background-attachment":"scroll","background-type":"","background-media":"","overlay-type":"","overlay-color":"","overlay-opacity":"","overlay-gradient":""},"tablet":{"background-color":"var(--ast-global-color-5)","background-image":"","background-repeat":"repeat","background-position":"center center","background-size":"auto","background-attachment":"scroll","background-type":"","background-media":"","overlay-type":"","overlay-color":"","overlay-opacity":"","overlay-gradient":""},"mobile":{"background-color":"var(--ast-global-color-5)","background-image":"","background-repeat":"repeat","background-position":"center center","background-size":"auto","background-attachment":"scroll","background-type":"","background-media":"","overlay-type":"","overlay-color":"","overlay-opacity":"","overlay-gradient":""}},"two_page_speed":[],"footnotes":""},"class_list":["post-4521","page","type-page","status-publish","has-post-thumbnail","hentry"],"yoast_head":"<!-- This site is optimized with the Yoast SEO plugin v27.4 - https:\/\/yoast.com\/product\/yoast-seo-wordpress\/ -->\n<title>Or\u00e7amento - Extrema Visibilidade<\/title>\n<meta name=\"description\" content=\"\u00c9 importante conhecer mais detalhes sobre o seu projeto. Isso nos permitir\u00e1 analisar sua viabilidade e estimar os custos envolvidos.\" \/>\n<meta name=\"robots\" content=\"noindex, nofollow\" \/>\n<meta property=\"og:locale\" content=\"pt_PT\" \/>\n<meta property=\"og:type\" content=\"article\" \/>\n<meta property=\"og:title\" content=\"Or\u00e7amento - Extrema Visibilidade\" \/>\n<meta property=\"og:description\" content=\"\u00c9 importante conhecer mais detalhes sobre o seu projeto. Isso nos permitir\u00e1 analisar sua viabilidade e estimar os custos envolvidos.\" \/>\n<meta property=\"og:url\" content=\"https:\/\/junt.dev.br\/extremavisibilidade\/orcamento\/\" \/>\n<meta property=\"og:site_name\" content=\"Extrema Visibilidade\" \/>\n<meta property=\"article:modified_time\" content=\"2024-12-10T12:29:11+00:00\" \/>\n<meta property=\"og:image\" content=\"https:\/\/junt.dev.br\/extremavisibilidade\/wp-content\/uploads\/2024\/11\/Criacao-de-Blog.jpg\" \/>\n\t<meta property=\"og:image:width\" content=\"901\" \/>\n\t<meta property=\"og:image:height\" content=\"600\" \/>\n\t<meta property=\"og:image:type\" content=\"image\/jpeg\" \/>\n<meta name=\"twitter:card\" content=\"summary_large_image\" \/>\n<meta name=\"twitter:label1\" content=\"Tempo estimado de leitura\" \/>\n\t<meta name=\"twitter:data1\" content=\"1 minuto\" \/>\n<script type=\"application\/ld+json\" class=\"yoast-schema-graph\">{\"@context\":\"https:\\\/\\\/schema.org\",\"@graph\":[{\"@type\":\"WebPage\",\"@id\":\"https:\\\/\\\/junt.dev.br\\\/extremavisibilidade\\\/orcamento\\\/\",\"url\":\"https:\\\/\\\/junt.dev.br\\\/extremavisibilidade\\\/orcamento\\\/\",\"name\":\"Or\u00e7amento - Extrema Visibilidade\",\"isPartOf\":{\"@id\":\"https:\\\/\\\/junt.dev.br\\\/extremavisibilidade\\\/#website\"},\"primaryImageOfPage\":{\"@id\":\"https:\\\/\\\/junt.dev.br\\\/extremavisibilidade\\\/orcamento\\\/#primaryimage\"},\"image\":{\"@id\":\"https:\\\/\\\/junt.dev.br\\\/extremavisibilidade\\\/orcamento\\\/#primaryimage\"},\"thumbnailUrl\":\"https:\\\/\\\/junt.dev.br\\\/extremavisibilidade\\\/wp-content\\\/uploads\\\/2024\\\/11\\\/Criacao-de-Blog.jpg\",\"datePublished\":\"2024-12-10T12:21:07+00:00\",\"dateModified\":\"2024-12-10T12:29:11+00:00\",\"description\":\"\u00c9 importante conhecer mais detalhes sobre o seu projeto. Isso nos permitir\u00e1 analisar sua viabilidade e estimar os custos envolvidos.\",\"breadcrumb\":{\"@id\":\"https:\\\/\\\/junt.dev.br\\\/extremavisibilidade\\\/orcamento\\\/#breadcrumb\"},\"inLanguage\":\"pt-PT\",\"potentialAction\":[{\"@type\":\"ReadAction\",\"target\":[\"https:\\\/\\\/junt.dev.br\\\/extremavisibilidade\\\/orcamento\\\/\"]}]},{\"@type\":\"ImageObject\",\"inLanguage\":\"pt-PT\",\"@id\":\"https:\\\/\\\/junt.dev.br\\\/extremavisibilidade\\\/orcamento\\\/#primaryimage\",\"url\":\"https:\\\/\\\/junt.dev.br\\\/extremavisibilidade\\\/wp-content\\\/uploads\\\/2024\\\/11\\\/Criacao-de-Blog.jpg\",\"contentUrl\":\"https:\\\/\\\/junt.dev.br\\\/extremavisibilidade\\\/wp-content\\\/uploads\\\/2024\\\/11\\\/Criacao-de-Blog.jpg\",\"width\":901,\"height\":600,\"caption\":\"Cria\u00e7\u00e3o de Blog\"},{\"@type\":\"BreadcrumbList\",\"@id\":\"https:\\\/\\\/junt.dev.br\\\/extremavisibilidade\\\/orcamento\\\/#breadcrumb\",\"itemListElement\":[{\"@type\":\"ListItem\",\"position\":1,\"name\":\"HOME\",\"item\":\"https:\\\/\\\/junt.dev.br\\\/extremavisibilidade\\\/\"},{\"@type\":\"ListItem\",\"position\":2,\"name\":\"Or\u00e7amento\"}]},{\"@type\":\"WebSite\",\"@id\":\"https:\\\/\\\/junt.dev.br\\\/extremavisibilidade\\\/#website\",\"url\":\"https:\\\/\\\/junt.dev.br\\\/extremavisibilidade\\\/\",\"name\":\"Extrema Visibilidade\",\"description\":\"Inbound Marketing\",\"publisher\":{\"@id\":\"https:\\\/\\\/junt.dev.br\\\/extremavisibilidade\\\/#\\\/schema\\\/person\\\/00ceb64ab823e5b9cf192b23437f8313\"},\"potentialAction\":[{\"@type\":\"SearchAction\",\"target\":{\"@type\":\"EntryPoint\",\"urlTemplate\":\"https:\\\/\\\/junt.dev.br\\\/extremavisibilidade\\\/?s={search_term_string}\"},\"query-input\":{\"@type\":\"PropertyValueSpecification\",\"valueRequired\":true,\"valueName\":\"search_term_string\"}}],\"inLanguage\":\"pt-PT\"},{\"@type\":[\"Person\",\"Organization\"],\"@id\":\"https:\\\/\\\/junt.dev.br\\\/extremavisibilidade\\\/#\\\/schema\\\/person\\\/00ceb64ab823e5b9cf192b23437f8313\",\"name\":\"rosagomes\",\"logo\":{\"@id\":\"https:\\\/\\\/junt.dev.br\\\/extremavisibilidade\\\/#\\\/schema\\\/person\\\/image\\\/\"},\"sameAs\":[\"https:\\\/\\\/www.instagram.com\\\/rosagomesproducoes\\\/\"]}]}<\/script>\n<!-- \/ Yoast SEO plugin. -->","yoast_head_json":{"title":"Or\u00e7amento - Extrema Visibilidade","description":"\u00c9 importante conhecer mais detalhes sobre o seu projeto. Isso nos permitir\u00e1 analisar sua viabilidade e estimar os custos envolvidos.","robots":{"index":"noindex","follow":"nofollow"},"og_locale":"pt_PT","og_type":"article","og_title":"Or\u00e7amento - Extrema Visibilidade","og_description":"\u00c9 importante conhecer mais detalhes sobre o seu projeto. Isso nos permitir\u00e1 analisar sua viabilidade e estimar os custos envolvidos.","og_url":"https:\/\/junt.dev.br\/extremavisibilidade\/orcamento\/","og_site_name":"Extrema Visibilidade","article_modified_time":"2024-12-10T12:29:11+00:00","og_image":[{"width":901,"height":600,"url":"https:\/\/junt.dev.br\/extremavisibilidade\/wp-content\/uploads\/2024\/11\/Criacao-de-Blog.jpg","type":"image\/jpeg"}],"twitter_card":"summary_large_image","twitter_misc":{"Tempo estimado de leitura":"1 minuto"},"schema":{"@context":"https:\/\/schema.org","@graph":[{"@type":"WebPage","@id":"https:\/\/junt.dev.br\/extremavisibilidade\/orcamento\/","url":"https:\/\/junt.dev.br\/extremavisibilidade\/orcamento\/","name":"Or\u00e7amento - Extrema Visibilidade","isPartOf":{"@id":"https:\/\/junt.dev.br\/extremavisibilidade\/#website"},"primaryImageOfPage":{"@id":"https:\/\/junt.dev.br\/extremavisibilidade\/orcamento\/#primaryimage"},"image":{"@id":"https:\/\/junt.dev.br\/extremavisibilidade\/orcamento\/#primaryimage"},"thumbnailUrl":"https:\/\/junt.dev.br\/extremavisibilidade\/wp-content\/uploads\/2024\/11\/Criacao-de-Blog.jpg","datePublished":"2024-12-10T12:21:07+00:00","dateModified":"2024-12-10T12:29:11+00:00","description":"\u00c9 importante conhecer mais detalhes sobre o seu projeto. Isso nos permitir\u00e1 analisar sua viabilidade e estimar os custos envolvidos.","breadcrumb":{"@id":"https:\/\/junt.dev.br\/extremavisibilidade\/orcamento\/#breadcrumb"},"inLanguage":"pt-PT","potentialAction":[{"@type":"ReadAction","target":["https:\/\/junt.dev.br\/extremavisibilidade\/orcamento\/"]}]},{"@type":"ImageObject","inLanguage":"pt-PT","@id":"https:\/\/junt.dev.br\/extremavisibilidade\/orcamento\/#primaryimage","url":"https:\/\/junt.dev.br\/extremavisibilidade\/wp-content\/uploads\/2024\/11\/Criacao-de-Blog.jpg","contentUrl":"https:\/\/junt.dev.br\/extremavisibilidade\/wp-content\/uploads\/2024\/11\/Criacao-de-Blog.jpg","width":901,"height":600,"caption":"Cria\u00e7\u00e3o de Blog"},{"@type":"BreadcrumbList","@id":"https:\/\/junt.dev.br\/extremavisibilidade\/orcamento\/#breadcrumb","itemListElement":[{"@type":"ListItem","position":1,"name":"HOME","item":"https:\/\/junt.dev.br\/extremavisibilidade\/"},{"@type":"ListItem","position":2,"name":"Or\u00e7amento"}]},{"@type":"WebSite","@id":"https:\/\/junt.dev.br\/extremavisibilidade\/#website","url":"https:\/\/junt.dev.br\/extremavisibilidade\/","name":"Extrema Visibilidade","description":"Inbound Marketing","publisher":{"@id":"https:\/\/junt.dev.br\/extremavisibilidade\/#\/schema\/person\/00ceb64ab823e5b9cf192b23437f8313"},"potentialAction":[{"@type":"SearchAction","target":{"@type":"EntryPoint","urlTemplate":"https:\/\/junt.dev.br\/extremavisibilidade\/?s={search_term_string}"},"query-input":{"@type":"PropertyValueSpecification","valueRequired":true,"valueName":"search_term_string"}}],"inLanguage":"pt-PT"},{"@type":["Person","Organization"],"@id":"https:\/\/junt.dev.br\/extremavisibilidade\/#\/schema\/person\/00ceb64ab823e5b9cf192b23437f8313","name":"rosagomes","logo":{"@id":"https:\/\/junt.dev.br\/extremavisibilidade\/#\/schema\/person\/image\/"},"sameAs":["https:\/\/www.instagram.com\/rosagomesproducoes\/"]}]}},"_links":{"self":[{"href":"https:\/\/junt.dev.br\/extremavisibilidade\/wp-json\/wp\/v2\/pages\/4521","targetHints":{"allow":["GET"]}}],"collection":[{"href":"https:\/\/junt.dev.br\/extremavisibilidade\/wp-json\/wp\/v2\/pages"}],"about":[{"href":"https:\/\/junt.dev.br\/extremavisibilidade\/wp-json\/wp\/v2\/types\/page"}],"author":[{"embeddable":true,"href":"https:\/\/junt.dev.br\/extremavisibilidade\/wp-json\/wp\/v2\/users\/5"}],"replies":[{"embeddable":true,"href":"https:\/\/junt.dev.br\/extremavisibilidade\/wp-json\/wp\/v2\/comments?post=4521"}],"version-history":[{"count":10,"href":"https:\/\/junt.dev.br\/extremavisibilidade\/wp-json\/wp\/v2\/pages\/4521\/revisions"}],"predecessor-version":[{"id":4532,"href":"https:\/\/junt.dev.br\/extremavisibilidade\/wp-json\/wp\/v2\/pages\/4521\/revisions\/4532"}],"wp:featuredmedia":[{"embeddable":true,"href":"https:\/\/junt.dev.br\/extremavisibilidade\/wp-json\/wp\/v2\/media\/3890"}],"wp:attachment":[{"href":"https:\/\/junt.dev.br\/extremavisibilidade\/wp-json\/wp\/v2\/media?parent=4521"}],"curies":[{"name":"wp","href":"https:\/\/api.w.org\/{rel}","templated":true}]}}