{"id":5102,"date":"2025-01-14T12:55:42","date_gmt":"2025-01-14T12:55:42","guid":{"rendered":"https:\/\/junt.dev.br\/extremavisibilidade\/cases-copy\/"},"modified":"2025-03-14T20:29:13","modified_gmt":"2025-03-14T20:29:13","slug":"materiais-ricos","status":"publish","type":"page","link":"https:\/\/junt.dev.br\/extremavisibilidade\/materiais-ricos\/","title":{"rendered":"Materiais Ricos"},"content":{"rendered":"\t\t<div data-elementor-type=\"wp-page\" data-elementor-id=\"5102\" class=\"elementor elementor-5102\">\n\t\t\t\t\t\t<section class=\"elementor-section elementor-top-section elementor-element elementor-element-dc4911d elementor-section-boxed elementor-section-height-default elementor-section-height-default\" data-id=\"dc4911d\" data-element_type=\"section\" data-e-type=\"section\" data-settings=\"{&quot;background_background&quot;:&quot;classic&quot;}\">\n\t\t\t\t\t\t\t<div class=\"elementor-background-overlay\"><\/div>\n\t\t\t\t\t\t\t<div class=\"elementor-container elementor-column-gap-default\">\n\t\t\t\t\t<div class=\"elementor-column elementor-col-100 elementor-top-column elementor-element elementor-element-0b33127\" data-id=\"0b33127\" data-element_type=\"column\" data-e-type=\"column\">\n\t\t\t<div class=\"elementor-widget-wrap elementor-element-populated\">\n\t\t\t\t\t\t<div class=\"elementor-element elementor-element-3887bf6 elementor-widget elementor-widget-heading\" data-id=\"3887bf6\" data-element_type=\"widget\" data-e-type=\"widget\" data-widget_type=\"heading.default\">\n\t\t\t\t<div class=\"elementor-widget-container\">\n\t\t\t\t\t<h1 class=\"elementor-heading-title elementor-size-default\">MATERIAIS RICOS<\/h1>\t\t\t\t<\/div>\n\t\t\t\t<\/div>\n\t\t\t\t<div class=\"elementor-element elementor-element-3d62eb0 elementor-widget elementor-widget-heading\" data-id=\"3d62eb0\" data-element_type=\"widget\" data-e-type=\"widget\" data-widget_type=\"heading.default\">\n\t\t\t\t<div class=\"elementor-widget-container\">\n\t\t\t\t\t<p class=\"elementor-heading-title elementor-size-default\">Expanda seus conhecimentos! Explore os trabalhos mais recentes desenvolvidos pela Extrema Visibilidade e aproveite para baixar materiais exclusivos de forma gratuita<\/p>\t\t\t\t<\/div>\n\t\t\t\t<\/div>\n\t\t\t\t\t<\/div>\n\t\t<\/div>\n\t\t\t\t\t<\/div>\n\t\t<\/section>\n\t\t\t\t<section class=\"elementor-section elementor-top-section elementor-element elementor-element-ef89b2e elementor-section-boxed elementor-section-height-default elementor-section-height-default\" data-id=\"ef89b2e\" data-element_type=\"section\" data-e-type=\"section\" data-settings=\"{&quot;background_background&quot;:&quot;classic&quot;}\">\n\t\t\t\t\t\t<div class=\"elementor-container elementor-column-gap-default\">\n\t\t\t\t\t<div class=\"elementor-column elementor-col-100 elementor-top-column elementor-element elementor-element-8c10404\" data-id=\"8c10404\" data-element_type=\"column\" data-e-type=\"column\">\n\t\t\t<div class=\"elementor-widget-wrap elementor-element-populated\">\n\t\t\t\t\t\t<section class=\"elementor-section elementor-inner-section elementor-element elementor-element-2dddba5 elementor-section-boxed elementor-section-height-default elementor-section-height-default\" data-id=\"2dddba5\" data-element_type=\"section\" data-e-type=\"section\">\n\t\t\t\t\t\t<div class=\"elementor-container elementor-column-gap-default\">\n\t\t\t\t\t<div class=\"elementor-column elementor-col-33 elementor-inner-column elementor-element elementor-element-8d0bad1\" data-id=\"8d0bad1\" data-element_type=\"column\" data-e-type=\"column\" data-settings=\"{&quot;background_background&quot;:&quot;classic&quot;}\">\n\t\t\t<div class=\"elementor-widget-wrap elementor-element-populated\">\n\t\t\t\t\t\t<div class=\"elementor-element elementor-element-ed2f1c9 elementor-mobile-align-left elementor-align-center elementor-widget elementor-widget-button\" data-id=\"ed2f1c9\" data-element_type=\"widget\" data-e-type=\"widget\" data-widget_type=\"button.default\">\n\t\t\t\t<div class=\"elementor-widget-container\">\n\t\t\t\t\t\t\t\t\t<div class=\"elementor-button-wrapper\">\n\t\t\t\t\t<a class=\"elementor-button elementor-button-link elementor-size-sm\" href=\"#\">\n\t\t\t\t\t\t<span class=\"elementor-button-content-wrapper\">\n\t\t\t\t\t\t\t\t\t<span class=\"elementor-button-text\">Guia: planilha de personas<\/span>\n\t\t\t\t\t<\/span>\n\t\t\t\t\t<\/a>\n\t\t\t\t<\/div>\n\t\t\t\t\t\t\t\t<\/div>\n\t\t\t\t<\/div>\n\t\t\t\t<div class=\"elementor-element elementor-element-7446342 elementor-view-default elementor-widget elementor-widget-icon\" data-id=\"7446342\" data-element_type=\"widget\" data-e-type=\"widget\" data-widget_type=\"icon.default\">\n\t\t\t\t<div class=\"elementor-widget-container\">\n\t\t\t\t\t\t\t<div class=\"elementor-icon-wrapper\">\n\t\t\t<div class=\"elementor-icon\">\n\t\t\t<i aria-hidden=\"true\" class=\"icon icon-down-arrow1\"><\/i>\t\t\t<\/div>\n\t\t<\/div>\n\t\t\t\t\t\t<\/div>\n\t\t\t\t<\/div>\n\t\t\t\t<div class=\"elementor-element elementor-element-8bb50a2 elementor-widget elementor-widget-text-editor\" data-id=\"8bb50a2\" data-element_type=\"widget\" data-e-type=\"widget\" data-widget_type=\"text-editor.default\">\n\t\t\t\t<div class=\"elementor-widget-container\">\n\t\t\t\t\t\t\t\t\tEste guia pr\u00e1tico ajudar\u00e1 voc\u00ea a mapear caracter\u00edsticas, necessidades e interesses do seu p\u00fablico-alvo\t\t\t\t\t\t\t\t<\/div>\n\t\t\t\t<\/div>\n\t\t\t\t<div class=\"elementor-element elementor-element-ac8a8ea elementor-mobile-align-center elementor-align-center elementor-widget elementor-widget-button\" data-id=\"ac8a8ea\" data-element_type=\"widget\" data-e-type=\"widget\" data-widget_type=\"button.default\">\n\t\t\t\t<div class=\"elementor-widget-container\">\n\t\t\t\t\t\t\t\t\t<div class=\"elementor-button-wrapper\">\n\t\t\t\t\t<a class=\"elementor-button elementor-button-link elementor-size-sm\" href=\"https:\/\/materiais.extremavisibilidade.com.br\/planilha-de-personas\" target=\"_blank\">\n\t\t\t\t\t\t<span class=\"elementor-button-content-wrapper\">\n\t\t\t\t\t\t\t\t\t<span class=\"elementor-button-text\">BAIXE AGORA<\/span>\n\t\t\t\t\t<\/span>\n\t\t\t\t\t<\/a>\n\t\t\t\t<\/div>\n\t\t\t\t\t\t\t\t<\/div>\n\t\t\t\t<\/div>\n\t\t\t\t\t<\/div>\n\t\t<\/div>\n\t\t\t\t<div class=\"elementor-column elementor-col-33 elementor-inner-column elementor-element elementor-element-05396a4\" data-id=\"05396a4\" data-element_type=\"column\" data-e-type=\"column\" data-settings=\"{&quot;background_background&quot;:&quot;classic&quot;}\">\n\t\t\t<div class=\"elementor-widget-wrap elementor-element-populated\">\n\t\t\t\t\t\t<div class=\"elementor-element elementor-element-5c7521e elementor-mobile-align-left elementor-align-center elementor-widget elementor-widget-button\" data-id=\"5c7521e\" data-element_type=\"widget\" data-e-type=\"widget\" data-widget_type=\"button.default\">\n\t\t\t\t<div class=\"elementor-widget-container\">\n\t\t\t\t\t\t\t\t\t<div class=\"elementor-button-wrapper\">\n\t\t\t\t\t<a class=\"elementor-button elementor-button-link elementor-size-sm\" href=\"#\">\n\t\t\t\t\t\t<span class=\"elementor-button-content-wrapper\">\n\t\t\t\t\t\t\t\t\t<span class=\"elementor-button-text\">6 tend\u00eancias de Inbound Marketing que voc\u00ea deveria aplicar na sua empresa<\/span>\n\t\t\t\t\t<\/span>\n\t\t\t\t\t<\/a>\n\t\t\t\t<\/div>\n\t\t\t\t\t\t\t\t<\/div>\n\t\t\t\t<\/div>\n\t\t\t\t<div class=\"elementor-element elementor-element-4c45282 elementor-view-default elementor-widget elementor-widget-icon\" data-id=\"4c45282\" data-element_type=\"widget\" data-e-type=\"widget\" data-widget_type=\"icon.default\">\n\t\t\t\t<div class=\"elementor-widget-container\">\n\t\t\t\t\t\t\t<div class=\"elementor-icon-wrapper\">\n\t\t\t<div class=\"elementor-icon\">\n\t\t\t<i aria-hidden=\"true\" class=\"icon icon-down-arrow1\"><\/i>\t\t\t<\/div>\n\t\t<\/div>\n\t\t\t\t\t\t<\/div>\n\t\t\t\t<\/div>\n\t\t\t\t<div class=\"elementor-element elementor-element-54b8888 elementor-widget elementor-widget-text-editor\" data-id=\"54b8888\" data-element_type=\"widget\" data-e-type=\"widget\" data-widget_type=\"text-editor.default\">\n\t\t\t\t<div class=\"elementor-widget-container\">\n\t\t\t\t\t\t\t\t\tConhe\u00e7a as tend\u00eancias que podem transformar seus resultados e engajar ainda mais o seu p\u00fablico\t\t\t\t\t\t\t\t<\/div>\n\t\t\t\t<\/div>\n\t\t\t\t<div class=\"elementor-element elementor-element-d0f9c99 elementor-mobile-align-center elementor-align-center elementor-widget elementor-widget-button\" data-id=\"d0f9c99\" data-element_type=\"widget\" data-e-type=\"widget\" data-widget_type=\"button.default\">\n\t\t\t\t<div class=\"elementor-widget-container\">\n\t\t\t\t\t\t\t\t\t<div class=\"elementor-button-wrapper\">\n\t\t\t\t\t<a class=\"elementor-button elementor-button-link elementor-size-sm\" href=\"https:\/\/materiais.extremavisibilidade.com.br\/tendencias-de-inbound\" target=\"_blank\">\n\t\t\t\t\t\t<span class=\"elementor-button-content-wrapper\">\n\t\t\t\t\t\t\t\t\t<span class=\"elementor-button-text\">BAIXE AGORA<\/span>\n\t\t\t\t\t<\/span>\n\t\t\t\t\t<\/a>\n\t\t\t\t<\/div>\n\t\t\t\t\t\t\t\t<\/div>\n\t\t\t\t<\/div>\n\t\t\t\t\t<\/div>\n\t\t<\/div>\n\t\t\t\t<div class=\"elementor-column elementor-col-33 elementor-inner-column elementor-element elementor-element-22e1154\" data-id=\"22e1154\" data-element_type=\"column\" data-e-type=\"column\" data-settings=\"{&quot;background_background&quot;:&quot;classic&quot;}\">\n\t\t\t<div class=\"elementor-widget-wrap elementor-element-populated\">\n\t\t\t\t\t\t<div class=\"elementor-element elementor-element-f25ec20 elementor-mobile-align-left elementor-align-center elementor-widget elementor-widget-button\" data-id=\"f25ec20\" data-element_type=\"widget\" data-e-type=\"widget\" data-widget_type=\"button.default\">\n\t\t\t\t<div class=\"elementor-widget-container\">\n\t\t\t\t\t\t\t\t\t<div class=\"elementor-button-wrapper\">\n\t\t\t\t\t<a class=\"elementor-button elementor-button-link elementor-size-sm\" href=\"#\">\n\t\t\t\t\t\t<span class=\"elementor-button-content-wrapper\">\n\t\t\t\t\t\t\t\t\t<span class=\"elementor-button-text\">Guia pr\u00e1tico para gerar leads mais qualificados<\/span>\n\t\t\t\t\t<\/span>\n\t\t\t\t\t<\/a>\n\t\t\t\t<\/div>\n\t\t\t\t\t\t\t\t<\/div>\n\t\t\t\t<\/div>\n\t\t\t\t<div class=\"elementor-element elementor-element-7b89dd5 elementor-view-default elementor-widget elementor-widget-icon\" data-id=\"7b89dd5\" data-element_type=\"widget\" data-e-type=\"widget\" data-widget_type=\"icon.default\">\n\t\t\t\t<div class=\"elementor-widget-container\">\n\t\t\t\t\t\t\t<div class=\"elementor-icon-wrapper\">\n\t\t\t<div class=\"elementor-icon\">\n\t\t\t<i aria-hidden=\"true\" class=\"icon icon-down-arrow1\"><\/i>\t\t\t<\/div>\n\t\t<\/div>\n\t\t\t\t\t\t<\/div>\n\t\t\t\t<\/div>\n\t\t\t\t<div class=\"elementor-element elementor-element-28708d4 elementor-widget elementor-widget-text-editor\" data-id=\"28708d4\" data-element_type=\"widget\" data-e-type=\"widget\" data-widget_type=\"text-editor.default\">\n\t\t\t\t<div class=\"elementor-widget-container\">\n\t\t\t\t\t\t\t\t\tDicas r\u00e1pidas e eficazes para gerar contatos qualificados e aumentar convers\u00f5es\t\t\t\t\t\t\t\t<\/div>\n\t\t\t\t<\/div>\n\t\t\t\t<div class=\"elementor-element elementor-element-4a7f243 elementor-mobile-align-center elementor-align-center elementor-widget elementor-widget-button\" data-id=\"4a7f243\" data-element_type=\"widget\" data-e-type=\"widget\" data-widget_type=\"button.default\">\n\t\t\t\t<div class=\"elementor-widget-container\">\n\t\t\t\t\t\t\t\t\t<div class=\"elementor-button-wrapper\">\n\t\t\t\t\t<a class=\"elementor-button elementor-button-link elementor-size-sm\" href=\"https:\/\/materiais.extremavisibilidade.com.br\/guia-leads-qualificados\" target=\"_blank\">\n\t\t\t\t\t\t<span class=\"elementor-button-content-wrapper\">\n\t\t\t\t\t\t\t\t\t<span class=\"elementor-button-text\">BAIXE AGORA<\/span>\n\t\t\t\t\t<\/span>\n\t\t\t\t\t<\/a>\n\t\t\t\t<\/div>\n\t\t\t\t\t\t\t\t<\/div>\n\t\t\t\t<\/div>\n\t\t\t\t\t<\/div>\n\t\t<\/div>\n\t\t\t\t\t<\/div>\n\t\t<\/section>\n\t\t\t\t\t<\/div>\n\t\t<\/div>\n\t\t\t\t\t<\/div>\n\t\t<\/section>\n\t\t\t\t<section class=\"elementor-section elementor-top-section elementor-element elementor-element-47875bd elementor-section-boxed elementor-section-height-default elementor-section-height-default\" data-id=\"47875bd\" data-element_type=\"section\" data-e-type=\"section\" data-settings=\"{&quot;background_background&quot;:&quot;gradient&quot;}\">\n\t\t\t\t\t\t<div class=\"elementor-container elementor-column-gap-no\">\n\t\t\t\t\t<div class=\"elementor-column elementor-col-50 elementor-top-column elementor-element elementor-element-5f3c40a\" data-id=\"5f3c40a\" data-element_type=\"column\" data-e-type=\"column\">\n\t\t\t<div class=\"elementor-widget-wrap elementor-element-populated\">\n\t\t\t\t\t\t<div class=\"elementor-element elementor-element-bac6134 elementor-widget elementor-widget-heading\" data-id=\"bac6134\" data-element_type=\"widget\" data-e-type=\"widget\" data-widget_type=\"heading.default\">\n\t\t\t\t<div class=\"elementor-widget-container\">\n\t\t\t\t\t<p class=\"elementor-heading-title elementor-size-default\">Fique por dentro do que h\u00e1 de mais atual e relevante sobre marketing e vendas<\/p>\t\t\t\t<\/div>\n\t\t\t\t<\/div>\n\t\t\t\t\t<\/div>\n\t\t<\/div>\n\t\t\t\t<div class=\"elementor-column elementor-col-50 elementor-top-column elementor-element elementor-element-afa3c69\" data-id=\"afa3c69\" data-element_type=\"column\" data-e-type=\"column\">\n\t\t\t<div class=\"elementor-widget-wrap elementor-element-populated\">\n\t\t\t\t\t\t<div class=\"elementor-element elementor-element-192c561 elementor-widget elementor-widget-text-editor\" data-id=\"192c561\" data-element_type=\"widget\" data-e-type=\"widget\" data-widget_type=\"text-editor.default\">\n\t\t\t\t<div class=\"elementor-widget-container\">\n\t\t\t\t\t\t\t\t\t\n<div class=\"wpcf7 no-js\" id=\"wpcf7-f504-o1\" lang=\"pt-PT\" dir=\"ltr\" data-wpcf7-id=\"504\">\n<div class=\"screen-reader-response\"><p role=\"status\" aria-live=\"polite\" aria-atomic=\"true\"><\/p> <ul><\/ul><\/div>\n<form action=\"\/extremavisibilidade\/wp-json\/wp\/v2\/pages\/5102#wpcf7-f504-o1\" method=\"post\" class=\"wpcf7-form init\" aria-label=\"Formul\u00e1rio de contacto\" novalidate=\"novalidate\" data-status=\"init\">\n<fieldset class=\"hidden-fields-container\"><input type=\"hidden\" name=\"_wpcf7\" value=\"504\" \/><input type=\"hidden\" name=\"_wpcf7_version\" value=\"6.1.5\" \/><input type=\"hidden\" name=\"_wpcf7_locale\" value=\"pt_PT\" \/><input type=\"hidden\" name=\"_wpcf7_unit_tag\" value=\"wpcf7-f504-o1\" \/><input type=\"hidden\" name=\"_wpcf7_container_post\" value=\"0\" \/><input type=\"hidden\" name=\"_wpcf7_posted_data_hash\" value=\"\" \/>\n<\/fieldset>\n<p><label><span class=\"wpcf7-form-control-wrap\" data-name=\"your-email\"><input size=\"40\" maxlength=\"400\" class=\"wpcf7-form-control wpcf7-email wpcf7-validates-as-required wpcf7-text wpcf7-validates-as-email\" autocomplete=\"email\" aria-required=\"true\" aria-invalid=\"false\" placeholder=\"Seu email\" value=\"\" type=\"email\" name=\"your-email\" \/><\/span><br \/>\n<\/label>\n<\/p>\n<p><input class=\"wpcf7-form-control wpcf7-submit has-spinner\" type=\"submit\" value=\"ASSINAR A NEWSLETTER\" \/>\n<\/p>\n<p><script>\n document.addEventListener('wpcf7mailsent', function (Event) {\n location = 'https:\/\/junt.dev.br\/extremavisibilidade\/obrigado-newsletter\/';\n }, false);\n<\/script>\n<\/p><div class=\"wpcf7-response-output\" aria-hidden=\"true\"><\/div>\n<\/form>\n<\/div>\n\t\t\t\t\t\t\t\t<\/div>\n\t\t\t\t<\/div>\n\t\t\t\t\t<\/div>\n\t\t<\/div>\n\t\t\t\t\t<\/div>\n\t\t<\/section>\n\t\t\t\t<\/div>\n\t\t","protected":false},"excerpt":{"rendered":"<p>MATERIAIS RICOS Expanda seus conhecimentos! Explore os trabalhos mais recentes desenvolvidos pela Extrema Visibilidade e aproveite para baixar materiais exclusivos de forma gratuita Guia: planilha de personas Este guia pr\u00e1tico ajudar\u00e1 voc\u00ea a mapear caracter\u00edsticas, necessidades e interesses do seu p\u00fablico-alvo BAIXE AGORA 6 tend\u00eancias de Inbound Marketing que voc\u00ea deveria aplicar na sua empresa [&hellip;]<\/p>\n","protected":false},"author":5,"featured_media":0,"parent":0,"menu_order":0,"comment_status":"closed","ping_status":"closed","template":"elementor_header_footer","meta":{"site-sidebar-layout":"no-sidebar","site-content-layout":"page-builder","ast-site-content-layout":"full-width-container","site-content-style":"unboxed","site-sidebar-style":"unboxed","ast-global-header-display":"","ast-banner-title-visibility":"","ast-main-header-display":"","ast-hfb-above-header-display":"","ast-hfb-below-header-display":"","ast-hfb-mobile-header-display":"","site-post-title":"disabled","ast-breadcrumbs-content":"","ast-featured-img":"disabled","footer-sml-layout":"","theme-transparent-header-meta":"","adv-header-id-meta":"","stick-header-meta":"","header-above-stick-meta":"","header-main-stick-meta":"","header-below-stick-meta":"","astra-migrate-meta-layouts":"set","ast-page-background-enabled":"default","ast-page-background-meta":{"desktop":{"background-color":"var(--ast-global-color-4)","background-image":"","background-repeat":"repeat","background-position":"center center","background-size":"auto","background-attachment":"scroll","background-type":"","background-media":"","overlay-type":"","overlay-color":"","overlay-opacity":"","overlay-gradient":""},"tablet":{"background-color":"","background-image":"","background-repeat":"repeat","background-position":"center center","background-size":"auto","background-attachment":"scroll","background-type":"","background-media":"","overlay-type":"","overlay-color":"","overlay-opacity":"","overlay-gradient":""},"mobile":{"background-color":"","background-image":"","background-repeat":"repeat","background-position":"center center","background-size":"auto","background-attachment":"scroll","background-type":"","background-media":"","overlay-type":"","overlay-color":"","overlay-opacity":"","overlay-gradient":""}},"ast-content-background-meta":{"desktop":{"background-color":"var(--ast-global-color-5)","background-image":"","background-repeat":"repeat","background-position":"center center","background-size":"auto","background-attachment":"scroll","background-type":"","background-media":"","overlay-type":"","overlay-color":"","overlay-opacity":"","overlay-gradient":""},"tablet":{"background-color":"var(--ast-global-color-5)","background-image":"","background-repeat":"repeat","background-position":"center center","background-size":"auto","background-attachment":"scroll","background-type":"","background-media":"","overlay-type":"","overlay-color":"","overlay-opacity":"","overlay-gradient":""},"mobile":{"background-color":"var(--ast-global-color-5)","background-image":"","background-repeat":"repeat","background-position":"center center","background-size":"auto","background-attachment":"scroll","background-type":"","background-media":"","overlay-type":"","overlay-color":"","overlay-opacity":"","overlay-gradient":""}},"two_page_speed":[],"footnotes":""},"class_list":["post-5102","page","type-page","status-publish","hentry"],"yoast_head":"<!-- This site is optimized with the Yoast SEO plugin v27.4 - https:\/\/yoast.com\/product\/yoast-seo-wordpress\/ -->\n<title>Materiais Ricos - Extrema Visibilidade<\/title>\n<meta name=\"description\" content=\"Explore os trabalhos mais recentes desenvolvidos pela Extrema Visibilidade e aproveite para baixar materiais exclusivos de forma gratuita\" \/>\n<meta name=\"robots\" content=\"noindex, follow, max-snippet:-1, max-image-preview:large, max-video-preview:-1\" \/>\n<meta property=\"og:locale\" content=\"pt_PT\" \/>\n<meta property=\"og:type\" content=\"article\" \/>\n<meta property=\"og:title\" content=\"Materiais Ricos - Extrema Visibilidade\" \/>\n<meta property=\"og:description\" content=\"Explore os trabalhos mais recentes desenvolvidos pela Extrema Visibilidade e aproveite para baixar materiais exclusivos de forma gratuita\" \/>\n<meta property=\"og:url\" content=\"https:\/\/junt.dev.br\/extremavisibilidade\/materiais-ricos\/\" \/>\n<meta property=\"og:site_name\" content=\"Extrema Visibilidade\" \/>\n<meta property=\"article:modified_time\" content=\"2025-03-14T20:29:13+00:00\" \/>\n<meta name=\"twitter:card\" content=\"summary_large_image\" \/>\n<meta name=\"twitter:label1\" content=\"Tempo estimado de leitura\" \/>\n\t<meta name=\"twitter:data1\" content=\"1 minuto\" \/>\n<script type=\"application\/ld+json\" class=\"yoast-schema-graph\">{\"@context\":\"https:\\\/\\\/schema.org\",\"@graph\":[{\"@type\":\"WebPage\",\"@id\":\"https:\\\/\\\/junt.dev.br\\\/extremavisibilidade\\\/materiais-ricos\\\/\",\"url\":\"https:\\\/\\\/junt.dev.br\\\/extremavisibilidade\\\/materiais-ricos\\\/\",\"name\":\"Materiais Ricos - Extrema Visibilidade\",\"isPartOf\":{\"@id\":\"https:\\\/\\\/junt.dev.br\\\/extremavisibilidade\\\/#website\"},\"datePublished\":\"2025-01-14T12:55:42+00:00\",\"dateModified\":\"2025-03-14T20:29:13+00:00\",\"description\":\"Explore os trabalhos mais recentes desenvolvidos pela Extrema Visibilidade e aproveite para baixar materiais exclusivos de forma gratuita\",\"breadcrumb\":{\"@id\":\"https:\\\/\\\/junt.dev.br\\\/extremavisibilidade\\\/materiais-ricos\\\/#breadcrumb\"},\"inLanguage\":\"pt-PT\",\"potentialAction\":[{\"@type\":\"ReadAction\",\"target\":[\"https:\\\/\\\/junt.dev.br\\\/extremavisibilidade\\\/materiais-ricos\\\/\"]}]},{\"@type\":\"BreadcrumbList\",\"@id\":\"https:\\\/\\\/junt.dev.br\\\/extremavisibilidade\\\/materiais-ricos\\\/#breadcrumb\",\"itemListElement\":[{\"@type\":\"ListItem\",\"position\":1,\"name\":\"HOME\",\"item\":\"https:\\\/\\\/junt.dev.br\\\/extremavisibilidade\\\/\"},{\"@type\":\"ListItem\",\"position\":2,\"name\":\"Materiais Ricos\"}]},{\"@type\":\"WebSite\",\"@id\":\"https:\\\/\\\/junt.dev.br\\\/extremavisibilidade\\\/#website\",\"url\":\"https:\\\/\\\/junt.dev.br\\\/extremavisibilidade\\\/\",\"name\":\"Extrema Visibilidade\",\"description\":\"Inbound Marketing\",\"publisher\":{\"@id\":\"https:\\\/\\\/junt.dev.br\\\/extremavisibilidade\\\/#\\\/schema\\\/person\\\/00ceb64ab823e5b9cf192b23437f8313\"},\"potentialAction\":[{\"@type\":\"SearchAction\",\"target\":{\"@type\":\"EntryPoint\",\"urlTemplate\":\"https:\\\/\\\/junt.dev.br\\\/extremavisibilidade\\\/?s={search_term_string}\"},\"query-input\":{\"@type\":\"PropertyValueSpecification\",\"valueRequired\":true,\"valueName\":\"search_term_string\"}}],\"inLanguage\":\"pt-PT\"},{\"@type\":[\"Person\",\"Organization\"],\"@id\":\"https:\\\/\\\/junt.dev.br\\\/extremavisibilidade\\\/#\\\/schema\\\/person\\\/00ceb64ab823e5b9cf192b23437f8313\",\"name\":\"rosagomes\",\"logo\":{\"@id\":\"https:\\\/\\\/junt.dev.br\\\/extremavisibilidade\\\/#\\\/schema\\\/person\\\/image\\\/\"},\"sameAs\":[\"https:\\\/\\\/www.instagram.com\\\/rosagomesproducoes\\\/\"]}]}<\/script>\n<!-- \/ Yoast SEO plugin. -->","yoast_head_json":{"title":"Materiais Ricos - Extrema Visibilidade","description":"Explore os trabalhos mais recentes desenvolvidos pela Extrema Visibilidade e aproveite para baixar materiais exclusivos de forma gratuita","robots":{"index":"noindex","follow":"follow","max-snippet":"max-snippet:-1","max-image-preview":"max-image-preview:large","max-video-preview":"max-video-preview:-1"},"og_locale":"pt_PT","og_type":"article","og_title":"Materiais Ricos - Extrema Visibilidade","og_description":"Explore os trabalhos mais recentes desenvolvidos pela Extrema Visibilidade e aproveite para baixar materiais exclusivos de forma gratuita","og_url":"https:\/\/junt.dev.br\/extremavisibilidade\/materiais-ricos\/","og_site_name":"Extrema Visibilidade","article_modified_time":"2025-03-14T20:29:13+00:00","twitter_card":"summary_large_image","twitter_misc":{"Tempo estimado de leitura":"1 minuto"},"schema":{"@context":"https:\/\/schema.org","@graph":[{"@type":"WebPage","@id":"https:\/\/junt.dev.br\/extremavisibilidade\/materiais-ricos\/","url":"https:\/\/junt.dev.br\/extremavisibilidade\/materiais-ricos\/","name":"Materiais Ricos - Extrema Visibilidade","isPartOf":{"@id":"https:\/\/junt.dev.br\/extremavisibilidade\/#website"},"datePublished":"2025-01-14T12:55:42+00:00","dateModified":"2025-03-14T20:29:13+00:00","description":"Explore os trabalhos mais recentes desenvolvidos pela Extrema Visibilidade e aproveite para baixar materiais exclusivos de forma gratuita","breadcrumb":{"@id":"https:\/\/junt.dev.br\/extremavisibilidade\/materiais-ricos\/#breadcrumb"},"inLanguage":"pt-PT","potentialAction":[{"@type":"ReadAction","target":["https:\/\/junt.dev.br\/extremavisibilidade\/materiais-ricos\/"]}]},{"@type":"BreadcrumbList","@id":"https:\/\/junt.dev.br\/extremavisibilidade\/materiais-ricos\/#breadcrumb","itemListElement":[{"@type":"ListItem","position":1,"name":"HOME","item":"https:\/\/junt.dev.br\/extremavisibilidade\/"},{"@type":"ListItem","position":2,"name":"Materiais Ricos"}]},{"@type":"WebSite","@id":"https:\/\/junt.dev.br\/extremavisibilidade\/#website","url":"https:\/\/junt.dev.br\/extremavisibilidade\/","name":"Extrema Visibilidade","description":"Inbound Marketing","publisher":{"@id":"https:\/\/junt.dev.br\/extremavisibilidade\/#\/schema\/person\/00ceb64ab823e5b9cf192b23437f8313"},"potentialAction":[{"@type":"SearchAction","target":{"@type":"EntryPoint","urlTemplate":"https:\/\/junt.dev.br\/extremavisibilidade\/?s={search_term_string}"},"query-input":{"@type":"PropertyValueSpecification","valueRequired":true,"valueName":"search_term_string"}}],"inLanguage":"pt-PT"},{"@type":["Person","Organization"],"@id":"https:\/\/junt.dev.br\/extremavisibilidade\/#\/schema\/person\/00ceb64ab823e5b9cf192b23437f8313","name":"rosagomes","logo":{"@id":"https:\/\/junt.dev.br\/extremavisibilidade\/#\/schema\/person\/image\/"},"sameAs":["https:\/\/www.instagram.com\/rosagomesproducoes\/"]}]}},"_links":{"self":[{"href":"https:\/\/junt.dev.br\/extremavisibilidade\/wp-json\/wp\/v2\/pages\/5102","targetHints":{"allow":["GET"]}}],"collection":[{"href":"https:\/\/junt.dev.br\/extremavisibilidade\/wp-json\/wp\/v2\/pages"}],"about":[{"href":"https:\/\/junt.dev.br\/extremavisibilidade\/wp-json\/wp\/v2\/types\/page"}],"author":[{"embeddable":true,"href":"https:\/\/junt.dev.br\/extremavisibilidade\/wp-json\/wp\/v2\/users\/5"}],"replies":[{"embeddable":true,"href":"https:\/\/junt.dev.br\/extremavisibilidade\/wp-json\/wp\/v2\/comments?post=5102"}],"version-history":[{"count":43,"href":"https:\/\/junt.dev.br\/extremavisibilidade\/wp-json\/wp\/v2\/pages\/5102\/revisions"}],"predecessor-version":[{"id":5743,"href":"https:\/\/junt.dev.br\/extremavisibilidade\/wp-json\/wp\/v2\/pages\/5102\/revisions\/5743"}],"wp:attachment":[{"href":"https:\/\/junt.dev.br\/extremavisibilidade\/wp-json\/wp\/v2\/media?parent=5102"}],"curies":[{"name":"wp","href":"https:\/\/api.w.org\/{rel}","templated":true}]}}